{"id":2474,"date":"2022-04-26T03:27:03","date_gmt":"2022-04-26T03:27:03","guid":{"rendered":"https:\/\/lucastekstil.com\/?page_id=2474"},"modified":"2022-04-26T03:52:23","modified_gmt":"2022-04-26T03:52:23","slug":"mission-and-vision","status":"publish","type":"page","link":"https:\/\/lucastekstil.com\/tr\/mission-and-vision\/","title":{"rendered":"Misyon ve Vizyon"},"content":{"rendered":"<p class=\"has-text-align-left\">LUCAS Tekstil, belirledi\u011fi ilkeler do\u011frultusunda T\u00fcrkiye'de tekstil end\u00fcstrisinde hem \u00fcretici hem de ihracat\u00e7\u0131 kategorisinde sahip oldu\u011fu paydaya ar-ge ve inovasyon \u00e7al\u0131\u015fmalar\u0131yla her ge\u00e7en g\u00fcn b\u00fcy\u00fcmektedir.<\/p><p class=\"has-text-align-left\">Gen\u00e7 ve dinamik ekibiyle \u00e7al\u0131\u015fmalar\u0131nda y\u00fcksek performans k\u00fclt\u00fcr\u00fcn\u00fc benimsemekle birlikte yenilik\u00e7i bak\u0131\u015f a\u00e7\u0131s\u0131 ve disiplinler aras\u0131 \u00e7al\u0131\u015fmalar\u0131 destekleyen yakla\u015f\u0131mlar\u0131yla alan\u0131nda \u00f6rnek te\u015fkil etmektedir.<\/p><p class=\"has-text-align-left\">LUCAS Tekstil piyasalar hakk\u0131ndaki bilgi ve deneyimini kullanarak faaliyet alanlar\u0131n\u0131 artt\u0131rarak, alan\u0131nda T\u00fcrkiye ekonomisinin geli\u015fimine katk\u0131 sa\u011flayan nitelikli bir firma konumundad\u0131r.<\/p><p class=\"has-text-align-center\"><\/p><p><strong>Misyon<\/strong><br>Perde tekstilinde yerli ve k\u00fcresel platformlarda rekabet\u00e7i ve s\u00fcrd\u00fcr\u00fclebilir olarak geli\u015ftirilen stratejik bir portf\u00f6y olu\u015fturmak ve onu y\u00f6netmek.<\/p><p><strong>Vizyon<\/strong><br>Yenilik\u00e7i tasar\u0131mlarla alan\u0131nda kal\u0131c\u0131 \u00fcst\u00fcnl\u00fck sa\u011flamak.<\/p><p>LUCAS Tekstil, vizyonu dogrultusunda g\u00fcncel teknolojileri kullanarak, beklentilerin \u00fczerinde, fayda-fiyat endeksi do\u011frultusunda sat\u0131n alinabilen ve kullan\u0131labilen \u00fcr\u00fcnleri tasarlayip piyasaya s\u00fcrmektedir.<\/p><p>\u00dcretim mekanizmalar\u0131 iyile\u015ftirilmesi, ekip \u00fcyelerinin kendilerini ifade edebilece\u011fi ve geli\u015ftirebilece\u011fi payla\u015f\u0131mc\u0131 ve yarat\u0131c\u0131 ortamlar sa\u011flanmas\u0131.<\/p><p>Firman\u0131n performans \u00f6zelliklerini artt\u0131racak yenilik\u00e7i yakla\u015f\u0131mlar belirlenmesi,<\/p><p>\u00dcretim s\u00fcrecinde verimlili\u011fin uluslararas\u0131 d\u00fczeyi sa\u011fl\u0131yor olmas\u0131 i\u00e7in seviyelerin y\u00fckseltilmesi,<\/p><p>Disiplinler aras\u0131 \u00e7al\u0131\u015fmalar\u0131n desteklenmesi,\nYetkinli\u011fi ve se\u00e7kinli\u011fi sa\u011flayacak e\u011fitimlerin uygulanmas\u0131 \u015feklindeki faaliyetler i\u015f sa\u011fl\u0131\u011f\u0131 ve g\u00fcvenli\u011fi standartlar\u0131yla bir b\u00fct\u00fcn halinde ilerlemektedir.<\/p><p class=\"has-text-align-left\"><strong>Samimiyet<\/strong><\/p><p class=\"has-text-align-left\">T\u00fcm ili\u015fkilerimizde sevgiyi ve sayg\u0131y\u0131 esas alarak yakla\u015f\u0131mlar\u0131m\u0131z\u0131 samimi niyetle ve samimiyetle sergileriz.<\/p><p class=\"has-text-align-left\"><strong>Cesaret<\/strong><\/p><p class=\"has-text-align-left\">Tasar\u0131mlar\u0131m\u0131zda risk almaktan \u00e7ekinmiyor, aksine deneyimlerimizi g\u00f6z \u00f6n\u00fcnde bulundurarak sorumluluk al\u0131yoruz.<\/p><p class=\"has-text-align-left\"><strong>Yenilik<\/strong><br>Yenili\u011fe olan pozitif merak\u0131m\u0131z\u0131 kendimiz ve di\u011fer disiplinleri de\u011ferlendirerek \u00e7al\u0131\u015fmalar\u0131m\u0131za yans\u0131t\u0131r\u0131z.<\/p><p class=\"has-text-align-left\"><strong>Do\u011fruluk<\/strong><br>Cal\u0131\u015fmalar\u0131m\u0131zda d\u00fcr\u00fcstl\u00fck bizler i\u00e7in vazge\u00e7ilmezdir. \u0130\u015fimizde do\u011fru olan\u0131 esas alan tutumlar sergileriz.<\/p><p class=\"has-text-align-left\"><strong>\u015eeffafl\u0131k<br><\/strong>\u00c7ali\u015fmalar\u0131m\u0131z\u0131 ve \u00e7al\u0131\u015fma \u015feklimizi sizlerle payla\u015f\u0131r\u0131z. \u0130nsan ili\u015fkilerimizde bu \u015feffafl\u0131\u011f\u0131 sa\u011flamak bizler icin bir prensiptir.<\/p><p class=\"has-text-align-left\">LUCAS Tekstil temelde \u00e7evrenin korunmas\u0131, do\u011fal kaynaklar\u0131n s\u00fcrd\u00fcr\u00fclebilir bir \u015fekilde kullan\u0131lmas\u0131, insan-do\u011fa ili\u015fkisinin dengesinin korunmas\u0131n\u0131 esas alarak; \u00fcretilen \u00fcr\u00fcnlerin kalitesinde \u00e7evreye zarar vermeyecek ya da en az zarar verecek politikalar benimsenmektedir.<\/p><p class=\"has-text-align-left\">\u0130nsan gereksinimlerini kar\u015f\u0131larken yine insana zarar verecek t\u00fcm politikalar\u0131 reddeden yakla\u015f\u0131m\u0131yla insanin \u00e7evreyle bir b\u00fct\u00fcn oldu\u011funun alt\u0131n\u0131 \u00e7izmektedir.<\/p><p class=\"has-text-align-left\">\u00c7alisma alanlar\u0131nda ISO 14001 \u00c7evre Y\u00f6netim Sistemi standard\u0131n\u0131n g\u00f6zetilmesi, boyar maddelerde kimyasala en az d\u00fczeyde ihtiya\u00e7 duyulmasinin sa\u011flanmas\u0131, geri d\u00f6n\u00fc\u015f\u00fcm \u00fcr\u00fcnlerinin \u00fcretime kazandirilmas\u0131, \u00fcretim s\u00fcrecinde daha az at\u0131k olu\u015fmas\u0131n\u0131n ama\u00e7lanmas\u0131, \u00e7evreci politikalar\u0131 destekleyici i\u00e7eriklerin ekiple payla\u015f\u0131lmas\u0131 ve bu konuda bilincin sa\u011flanmasi do\u011frultusunda firma \u00e7evreci politikalar\u0131 uygulamakta ve \u00e7evreci yakla\u015f\u0131mlar\u0131 desteklemektedir.<\/p>","protected":false},"excerpt":{"rendered":"<p>LUCAS Tekstil, belirledi\u011fi ilkeler do\u011frultusunda Ar-Ge ve inovasyon \u00e7al\u0131\u015fmalar\u0131 ile her ge\u00e7en g\u00fcn b\u00fcy\u00fcmektedir...<\/p>","protected":false},"author":1,"featured_media":0,"parent":0,"menu_order":1,"comment_status":"closed","ping_status":"closed","template":"","meta":{"footnotes":""},"class_list":["post-2474","page","type-page","status-publish","hentry"],"acf":[],"jetpack_sharing_enabled":true,"_links":{"self":[{"href":"https:\/\/lucastekstil.com\/tr\/wp-json\/wp\/v2\/pages\/2474"}],"collection":[{"href":"https:\/\/lucastekstil.com\/tr\/wp-json\/wp\/v2\/pages"}],"about":[{"href":"https:\/\/lucastekstil.com\/tr\/wp-json\/wp\/v2\/types\/page"}],"author":[{"embeddable":true,"href":"https:\/\/lucastekstil.com\/tr\/wp-json\/wp\/v2\/users\/1"}],"replies":[{"embeddable":true,"href":"https:\/\/lucastekstil.com\/tr\/wp-json\/wp\/v2\/comments?post=2474"}],"version-history":[{"count":4,"href":"https:\/\/lucastekstil.com\/tr\/wp-json\/wp\/v2\/pages\/2474\/revisions"}],"predecessor-version":[{"id":2480,"href":"https:\/\/lucastekstil.com\/tr\/wp-json\/wp\/v2\/pages\/2474\/revisions\/2480"}],"wp:attachment":[{"href":"https:\/\/lucastekstil.com\/tr\/wp-json\/wp\/v2\/media?parent=2474"}],"curies":[{"name":"wp","href":"https:\/\/api.w.org\/{rel}","templated":true}]}}