{"id":2474,"date":"2022-04-26T03:27:03","date_gmt":"2022-04-26T03:27:03","guid":{"rendered":"https:\/\/lucastekstil.com\/?page_id=2474"},"modified":"2022-04-26T03:52:23","modified_gmt":"2022-04-26T03:52:23","slug":"mission-and-vision","status":"publish","type":"page","link":"https:\/\/lucastekstil.com\/de\/mission-and-vision\/","title":{"rendered":"Auftrag und Vision"},"content":{"rendered":"<p class=\"has-text-align-left\">Im Einklang mit den von ihr festgelegten Grunds\u00e4tzen w\u00e4chst LUCAS Tekstil Tag f\u00fcr Tag mit ihren Forschungs- und Entwicklungs- sowie Innovationsstudien in der Kategorie der Hersteller und Exporteure in der t\u00fcrkischen Textilindustrie.<\/p><p class=\"has-text-align-left\">Mit seinem jungen und dynamischen Team setzt es mit seiner innovativen Sichtweise und seinen Ans\u00e4tzen, die interdisziplin\u00e4re Studien unterst\u00fctzen, ein Zeichen in seinem Bereich und setzt dabei auf eine Hochleistungskultur in seiner Arbeit.<\/p><p class=\"has-text-align-left\">LUCAS Tekstil ist ein qualifiziertes Unternehmen, das zur Entwicklung der t\u00fcrkischen Wirtschaft in seinem Bereich beitr\u00e4gt, indem es seine T\u00e4tigkeitsfelder durch die Nutzung seiner Kenntnisse und Erfahrungen \u00fcber die M\u00e4rkte erweitert.<\/p><p class=\"has-text-align-center\"><\/p><p><strong>Mission<\/strong><br>Schaffung und Verwaltung eines strategischen Portfolios, das wettbewerbsf\u00e4hig und nachhaltig auf nationalen und globalen Plattformen f\u00fcr Vorhangtextilien entwickelt wird.<\/p><p><strong>Vision<\/strong><br>Mit innovativem Design eine dauerhafte \u00dcberlegenheit auf dem Gebiet zu erreichen.<\/p><p>Im Einklang mit seiner Vision entwirft und bringt LUCAS Tekstil Produkte auf den Markt, die im Einklang mit dem Preis-Nutzen-Index gekauft und verwendet werden k\u00f6nnen, und zwar \u00fcber den Erwartungen und unter Verwendung modernster Technologien.<\/p><p>Verbesserung der Produktionsmechanismen, Schaffung eines gemeinsamen und kreativen Umfelds, in dem sich die Teammitglieder ausdr\u00fccken und weiterentwickeln k\u00f6nnen.<\/p><p>Identifizierung innovativer Ans\u00e4tze, die die Leistungsmerkmale des Unternehmens verbessern,<\/p><p>Anhebung des Niveaus, um die Effizienz des Produktionsprozesses auf internationaler Ebene zu gew\u00e4hrleisten,<\/p><p>Die Unterst\u00fctzung interdisziplin\u00e4rer Studienaktivit\u00e4ten in Form der Durchf\u00fchrung von Schulungen, die Kompetenz und Exklusivit\u00e4t vermitteln, schreitet im Einklang mit den Standards f\u00fcr Gesundheit und Sicherheit am Arbeitsplatz voran.<\/p><p class=\"has-text-align-left\"><strong>Aufrichtigkeit<\/strong><\/p><p class=\"has-text-align-left\">Wir zeigen unsere Ans\u00e4tze mit aufrichtigen Absichten und Aufrichtigkeit, basierend auf Liebe und Respekt in all unseren Beziehungen.<\/p><p class=\"has-text-align-left\"><strong>Tapferkeit<\/strong><\/p><p class=\"has-text-align-left\">Wir z\u00f6gern nicht, bei unseren Entw\u00fcrfen Risiken einzugehen, im Gegenteil, wir \u00fcbernehmen Verantwortung, indem wir unsere Erfahrungen ber\u00fccksichtigen.<\/p><p class=\"has-text-align-left\"><strong>Innovation<\/strong><br>Wir spiegeln unser positives Interesse an Innovationen in unserer Arbeit wider, indem wir uns selbst und andere Disziplinen bewerten.<\/p><p class=\"has-text-align-left\"><strong>Die Wahrheit<\/strong><br>Ehrlichkeit in unserer Arbeit ist f\u00fcr uns unerl\u00e4sslich. Wir zeigen eine Haltung, die auf dem basiert, was in unserer Arbeit richtig ist.<\/p><p class=\"has-text-align-left\"><strong>Transparenz<br><\/strong>Wir teilen unsere Arbeit und die Art und Weise, wie wir arbeiten, mit Ihnen. Es ist ein Grundsatz f\u00fcr uns, diese Transparenz in unseren menschlichen Beziehungen zu gew\u00e4hrleisten.<\/p><p class=\"has-text-align-left\">LUCAS Textile basiert auf dem Schutz der Umwelt, der nachhaltigen Nutzung nat\u00fcrlicher Ressourcen und der Bewahrung des Gleichgewichts zwischen Mensch und Natur. Bei der Qualit\u00e4t der hergestellten Produkte werden Ma\u00dfnahmen ergriffen, die die Umwelt nicht oder so wenig wie m\u00f6glich belasten.<\/p><p class=\"has-text-align-left\">Sie unterstreicht, dass der Mensch und die Umwelt eine Einheit bilden, und lehnt alle politischen Ma\u00dfnahmen ab, die dem Menschen schaden und gleichzeitig seine Bed\u00fcrfnisse erf\u00fcllen.<\/p><p class=\"has-text-align-left\">Das Unternehmen setzt in seinen Arbeitsbereichen eine Umweltpolitik um, die der Norm ISO 14001 f\u00fcr das Umweltmanagementsystem entspricht, indem es den minimalen Bedarf an Chemikalien in Farbstoffen sicherstellt, Recyclingprodukte in die Produktion einf\u00fchrt, darauf abzielt, weniger Abf\u00e4lle im Produktionsprozess zu erzeugen, die Inhalte, die die Umweltpolitik unterst\u00fctzen, mit dem Team teilt und das Bewusstsein f\u00fcr dieses Thema sch\u00e4rft.<\/p>","protected":false},"excerpt":{"rendered":"<p>Im Einklang mit den von ihr festgelegten Grunds\u00e4tzen w\u00e4chst LUCAS Tekstil Tag f\u00fcr Tag mit seinen F&amp;E- und Innovationsaktivit\u00e4ten...<\/p>","protected":false},"author":1,"featured_media":0,"parent":0,"menu_order":1,"comment_status":"closed","ping_status":"closed","template":"","meta":{"footnotes":""},"class_list":["post-2474","page","type-page","status-publish","hentry"],"acf":[],"jetpack_sharing_enabled":true,"_links":{"self":[{"href":"https:\/\/lucastekstil.com\/de\/wp-json\/wp\/v2\/pages\/2474"}],"collection":[{"href":"https:\/\/lucastekstil.com\/de\/wp-json\/wp\/v2\/pages"}],"about":[{"href":"https:\/\/lucastekstil.com\/de\/wp-json\/wp\/v2\/types\/page"}],"author":[{"embeddable":true,"href":"https:\/\/lucastekstil.com\/de\/wp-json\/wp\/v2\/users\/1"}],"replies":[{"embeddable":true,"href":"https:\/\/lucastekstil.com\/de\/wp-json\/wp\/v2\/comments?post=2474"}],"version-history":[{"count":4,"href":"https:\/\/lucastekstil.com\/de\/wp-json\/wp\/v2\/pages\/2474\/revisions"}],"predecessor-version":[{"id":2480,"href":"https:\/\/lucastekstil.com\/de\/wp-json\/wp\/v2\/pages\/2474\/revisions\/2480"}],"wp:attachment":[{"href":"https:\/\/lucastekstil.com\/de\/wp-json\/wp\/v2\/media?parent=2474"}],"curies":[{"name":"wp","href":"https:\/\/api.w.org\/{rel}","templated":true}]}}